{"id":337,"date":"2025-07-22T14:48:21","date_gmt":"2025-07-22T12:48:21","guid":{"rendered":"https:\/\/villamariadesenzano.it\/?page_id=337"},"modified":"2026-04-11T13:11:49","modified_gmt":"2026-04-11T11:11:49","slug":"retreat","status":"publish","type":"page","link":"https:\/\/villamariadesenzano.it\/de\/retreat\/","title":{"rendered":"R\u00fcckzug"},"content":{"rendered":"<section class=\"bde-section-337-100 bde-section\">\n              \n  \n  \n\t\n\n  <div class=\"section-background-overlay\"><\/div>\n\n\n<div class=\"section-container\"><div class=\"bde-star-rating-337-101 bde-star-rating\">\n\n\n<div class='bde-star-rating__label' >\n  <\/div>\n\n  <div class='bde-star-rating__wrapper'>\n    <svg xmlns=\"http:\/\/www.w3.org\/2000\/svg\" ifill=\"currentColor\" d=\"icon-star-full\" viewbox=\"0 0 32 32\"><path d=\"M32 12.408l-11.056-1.607-4.944-10.018-4.944 10.018-11.056 1.607 8 7.798-1.889 11.011 9.889-5.199 9.889 5.199-1.889-11.011 8-7.798z\"><\/path><\/svg>\n    <svg xmlns=\"http:\/\/www.w3.org\/2000\/svg\" ifill=\"currentColor\" d=\"icon-star-full\" viewbox=\"0 0 32 32\"><path d=\"M32 12.408l-11.056-1.607-4.944-10.018-4.944 10.018-11.056 1.607 8 7.798-1.889 11.011 9.889-5.199 9.889 5.199-1.889-11.011 8-7.798z\"><\/path><\/svg>\n    <svg xmlns=\"http:\/\/www.w3.org\/2000\/svg\" ifill=\"currentColor\" d=\"icon-star-full\" viewbox=\"0 0 32 32\"><path d=\"M32 12.408l-11.056-1.607-4.944-10.018-4.944 10.018-11.056 1.607 8 7.798-1.889 11.011 9.889-5.199 9.889 5.199-1.889-11.011 8-7.798z\"><\/path><\/svg>\n    <svg xmlns=\"http:\/\/www.w3.org\/2000\/svg\" ifill=\"currentColor\" d=\"icon-star-full\" viewbox=\"0 0 32 32\"><path d=\"M32 12.408l-11.056-1.607-4.944-10.018-4.944 10.018-11.056 1.607 8 7.798-1.889 11.011 9.889-5.199 9.889 5.199-1.889-11.011 8-7.798z\"><\/path><\/svg>\n  <\/div>\n\n\n\n<svg width=\"0\" height=\"0\">\n<lineargradient id=\"starhalf101\" x1=\"0\" x2=\"100%\" y1=\"0\" y2=\"0\">\n        <stop offset=\"0%\" stop-color=\"var(--bde-palette-color-1-03f38d14-87d7-4628-b773-ecdcd21f79b8)\"><\/stop>\n \t\t<stop offset=\"0%\" stop-color=\"lightgrey\"><\/stop>\n<\/lineargradient>\n<\/svg>\n\n<\/div><h1 class=\"bde-heading-337-102 bde-heading\">\nEin 4-Sterne-R\u00fcckzugsort\n<\/h1><div class=\"bde-text-337-103 bde-text\">\nVilla Maria, ein raffiniertes 4-Sterne-Hotel in Desenzano del Garda, ist der ideale Ort f\u00fcr mehrt\u00e4gige Retreats, die dem Wohlbefinden, der Entdeckung und dem Austausch gewidmet sind. \n<\/div><\/div>\n<\/section><section class=\"bde-section-337-104 bde-section\">\n  \n  \n\t\n\n\n\n<div class=\"section-container\"><div class=\"bde-columns-337-105 bde-columns\"><div class=\"bde-column-337-106 bde-column\">\n  \n  \n\t\n\n\n\n<div class=\"bde-text-337-107 bde-text\">\nAbenteuer und Entspannung\n<\/div><h2 class=\"bde-heading-337-108 bde-heading\">\nEine ma\u00dfgeschneiderte Umgebung f\u00fcr jeden Bedarf\n<\/h2><div class=\"bde-text-337-109 bde-text\">\nGanz gleich, ob Sie einen Firmenaufenthalt, eine Gruppenreise oder eine private Veranstaltung planen, die Villa Maria bietet elegante R\u00e4umlichkeiten und engagierte Dienstleistungen, um jedes Projekt zu einem unvergesslichen Erlebnis zu machen. Von der Arbeit bis zur Geselligkeit, von der Entspannung bis zu Outdoor-Aktivit\u00e4ten, jedes Detail kann an Ihre Bed\u00fcrfnisse angepasst werden.<br><br>Um die Sicherheit unserer G\u00e4ste zu gew\u00e4hrleisten, sind der Poolbereich und der Garten ab Juni 2026 wegen Renovierungsarbeiten geschlossen.\n<\/div><a class=\"bde-container-link-337-143 bde-container-link breakdance-link\" href=\"https:\/\/villamariadesenzano.it\/de\/contatti\/\" target=\"_self\" data-type=\"url\">\n  \n  \n\t\n\n\n\n<div class=\"bde-text-337-144 bde-text\">\nKONTAKT US\n<\/div><div class=\"bde-icon-337-145 bde-icon\">\n\n    \n            <div class=\"bde-icon-icon breakdance-icon-atom\" >\n    \n                    <svg xmlns=\"http:\/\/www.w3.org\/2000\/svg\" xmlns:xlink=\"http:\/\/www.w3.org\/1999\/xlink\" width=\"1537px\" height=\"1037px\" viewbox=\"0 0 1537 1037\" version=\"1.1\">\r\n    <!-- Generator: Sketch 63.1 (92452) - https:\/\/sketch.com -->\r\n    <title>Path<\/title>\r\n    <desc>Erstellt mit Sketch.<\/desc>\r\n    <g id=\"Page-1\" stroke=\"none\" stroke-width=\"1\" fill=\"none\" fill-rule=\"evenodd\">\r\n        <g id=\"reshot-icon-arrow-XDTS3L59MV\" transform=\"translate(-249.000000, -507.000000)\" fill=\"#FBF0E1\" fill-rule=\"nonzero\">\r\n            <polygon id=\"Path\" points=\"1270.92 506.998 1200.75 595.058 1512.54 906.846 1572.7 967.005 1487.62 967.005 249.375 967.005 249.375 1080.74 1482.79 1080.74 1567.86 1080.74 1507.7 1140.89 1184.77 1463.82 1263.28 1543.55 1785.38 1021.45\"\/>\r\n        <\/g>\r\n    <\/g>\r\n<\/svg>\n        \n        \n        \n            <\/div>\n    \n\n\n<\/div>\n\n<\/a><div class=\"bde-image-337-110 bde-image\" data-entrance=\"fade\">\n<figure class=\"breakdance-image breakdance-image--27\">\n\t<div class=\"breakdance-image-container\">\n\t\t<div class=\"breakdance-image-clip\"><img loading=\"lazy\" decoding=\"async\" class=\"breakdance-image-object\" src=\"https:\/\/villamariadesenzano.it\/wp-content\/uploads\/2025\/04\/hotel_villa_maria_desenzano_ingresso_entrata.jpg\" width=\"1920\" height=\"1033\" srcset=\"https:\/\/villamariadesenzano.it\/wp-content\/uploads\/2025\/04\/hotel_villa_maria_desenzano_ingresso_entrata.jpg 1920w, https:\/\/villamariadesenzano.it\/wp-content\/uploads\/2025\/04\/hotel_villa_maria_desenzano_ingresso_entrata-300x161.jpg 300w, https:\/\/villamariadesenzano.it\/wp-content\/uploads\/2025\/04\/hotel_villa_maria_desenzano_ingresso_entrata-1024x551.jpg 1024w, https:\/\/villamariadesenzano.it\/wp-content\/uploads\/2025\/04\/hotel_villa_maria_desenzano_ingresso_entrata-768x413.jpg 768w, https:\/\/villamariadesenzano.it\/wp-content\/uploads\/2025\/04\/hotel_villa_maria_desenzano_ingresso_entrata-1536x826.jpg 1536w\" sizes=\"auto, (max-width: 1920px) 100vw, 1920px\"><\/div>\n\t<\/div><\/figure>\n\n<\/div>\n<\/div><div class=\"bde-column-337-111 bde-column\">\n  \n  \n\t\n\n\n\n<img decoding=\"async\" class=\"bde-image2-337-112 bde-image2\" src=\"https:\/\/villamariadesenzano.it\/wp-content\/uploads\/2025\/07\/villamaria-2-1.webp\" loading=\"lazy\" srcset=\"https:\/\/villamariadesenzano.it\/wp-content\/uploads\/2025\/07\/villamaria-2-1.webp 1920w, https:\/\/villamariadesenzano.it\/wp-content\/uploads\/2025\/07\/villamaria-2-1-300x225.webp 300w, https:\/\/villamariadesenzano.it\/wp-content\/uploads\/2025\/07\/villamaria-2-1-1024x769.webp 1024w, https:\/\/villamariadesenzano.it\/wp-content\/uploads\/2025\/07\/villamaria-2-1-768x577.webp 768w, https:\/\/villamariadesenzano.it\/wp-content\/uploads\/2025\/07\/villamaria-2-1-1536x1154.webp 1536w\" sizes=\"(max-width: 1920px) 100vw, 1920px\" data-entrance=\"fade\"><h3 class=\"bde-heading-337-113 bde-heading\">\nKomfort, Eleganz und Servicequalit\u00e4t<br>\n<\/h3><div class=\"bde-text-337-114 bde-text\">\nNach einem anstrengenden Tag k\u00f6nnen Sie sich in den hellen und sch\u00f6n eingerichteten Zimmern entspannen, die raffinierte K\u00fcche genie\u00dfen, die die Aromen der Region hervorhebt, und sich in den Gemeinschaftsbereichen erholen, die dem Wellness und der Entspannung gewidmet sind. Die strategische Lage des Hotels macht es au\u00dferdem einfach, die Sch\u00f6nheit des Gardasees und seiner Umgebung zu entdecken.\n<\/div>\n<\/div><\/div><\/div>\n<\/section><section class=\"bde-section-337-116 bde-section\">\n  \n  \n\t\n\n\n\n<div class=\"section-container\"><div class=\"bde-columns-337-117 bde-columns\"><div class=\"bde-column-337-118 bde-column\">\n  \n  \n\t\n\n\n\n<div class=\"bde-text-337-119 bde-text\">\nGARDA ENTDECKEN\n<\/div><h2 class=\"bde-heading-337-120 bde-heading\">\nEin Gebiet mit vielen M\u00f6glichkeiten\n<\/h2><div class=\"bde-text-337-121 bde-text\">\nDie Villa Maria liegt in einem Gebiet, das zahlreiche M\u00f6glichkeiten f\u00fcr Erholung, Kultur und Natur bietet, ideal, um Ihren Aufenthalt mit authentischen Erfahrungen zu bereichern: Spazierg\u00e4nge, Ausfl\u00fcge, Verkostungen, kulturelle Besichtigungen und vieles mehr.\n<\/div><a class=\"bde-container-link-337-140 bde-container-link breakdance-link\" href=\"https:\/\/villamariadesenzano.it\/de\/contatti\/\" target=\"_self\" data-type=\"url\">\n  \n  \n\t\n\n\n\n<div class=\"bde-text-337-141 bde-text\">\nKONTAKT US\n<\/div><div class=\"bde-icon-337-142 bde-icon\">\n\n    \n            <div class=\"bde-icon-icon breakdance-icon-atom\" >\n    \n                    <svg xmlns=\"http:\/\/www.w3.org\/2000\/svg\" xmlns:xlink=\"http:\/\/www.w3.org\/1999\/xlink\" width=\"1537px\" height=\"1037px\" viewbox=\"0 0 1537 1037\" version=\"1.1\">\r\n    <!-- Generator: Sketch 63.1 (92452) - https:\/\/sketch.com -->\r\n    <title>Path<\/title>\r\n    <desc>Erstellt mit Sketch.<\/desc>\r\n    <g id=\"Page-1\" stroke=\"none\" stroke-width=\"1\" fill=\"none\" fill-rule=\"evenodd\">\r\n        <g id=\"reshot-icon-arrow-XDTS3L59MV\" transform=\"translate(-249.000000, -507.000000)\" fill=\"#FBF0E1\" fill-rule=\"nonzero\">\r\n            <polygon id=\"Path\" points=\"1270.92 506.998 1200.75 595.058 1512.54 906.846 1572.7 967.005 1487.62 967.005 249.375 967.005 249.375 1080.74 1482.79 1080.74 1567.86 1080.74 1507.7 1140.89 1184.77 1463.82 1263.28 1543.55 1785.38 1021.45\"\/>\r\n        <\/g>\r\n    <\/g>\r\n<\/svg>\n        \n        \n        \n            <\/div>\n    \n\n\n<\/div>\n\n<\/a><div class=\"bde-image-337-125 bde-image\" data-entrance=\"fade\">\n<figure class=\"breakdance-image breakdance-image--429\">\n\t<div class=\"breakdance-image-container\">\n\t\t<div class=\"breakdance-image-clip\"><img loading=\"lazy\" decoding=\"async\" class=\"breakdance-image-object\" src=\"https:\/\/villamariadesenzano.it\/wp-content\/uploads\/2025\/08\/lago-di-garda-view.webp\" width=\"1279\" height=\"959\" srcset=\"https:\/\/villamariadesenzano.it\/wp-content\/uploads\/2025\/08\/lago-di-garda-view.webp 1279w, https:\/\/villamariadesenzano.it\/wp-content\/uploads\/2025\/08\/lago-di-garda-view-300x225.webp 300w, https:\/\/villamariadesenzano.it\/wp-content\/uploads\/2025\/08\/lago-di-garda-view-1024x768.webp 1024w, https:\/\/villamariadesenzano.it\/wp-content\/uploads\/2025\/08\/lago-di-garda-view-768x576.webp 768w, https:\/\/villamariadesenzano.it\/wp-content\/uploads\/2025\/08\/lago-di-garda-view-16x12.webp 16w\" sizes=\"auto, (max-width: 1279px) 100vw, 1279px\"><\/div>\n\t<\/div><\/figure>\n\n<\/div>\n<\/div><div class=\"bde-column-337-126 bde-column\">\n  \n  \n\t\n\n\n\n<img decoding=\"async\" class=\"bde-image2-337-127 bde-image2\" src=\"https:\/\/villamariadesenzano.it\/wp-content\/uploads\/2025\/08\/grano-garda.webp\" loading=\"lazy\" srcset=\"https:\/\/villamariadesenzano.it\/wp-content\/uploads\/2025\/08\/grano-garda.webp 1280w, https:\/\/villamariadesenzano.it\/wp-content\/uploads\/2025\/08\/grano-garda-300x200.webp 300w, https:\/\/villamariadesenzano.it\/wp-content\/uploads\/2025\/08\/grano-garda-1024x682.webp 1024w, https:\/\/villamariadesenzano.it\/wp-content\/uploads\/2025\/08\/grano-garda-768x512.webp 768w, https:\/\/villamariadesenzano.it\/wp-content\/uploads\/2025\/08\/grano-garda-18x12.webp 18w\" sizes=\"(max-width: 1280px) 100vw, 1280px\" data-entrance=\"fade\"><h3 class=\"bde-heading-337-128 bde-heading\">\nWarum Villa Maria f\u00fcr Ihren R\u00fcckzugsort w\u00e4hlen<br>\n<\/h3><div class=\"bde-text-337-129 bde-text\">\nDie Villa Maria verbindet den Charme einer eleganten und gepflegten Umgebung mit der Flexibilit\u00e4t eines aufmerksamen und ma\u00dfgeschneiderten Service. Das qualifizierte Personal steht Ihnen zur Seite, um jeden Aspekt Ihres Aufenthaltes zu organisieren und einen stressfreien Aufenthalt zu gew\u00e4hrleisten, der Ihren Erwartungen gerecht wird.\n<\/div>\n<\/div><\/div><h3 class=\"bde-heading-337-130 bde-heading\">\nH\u00e4ufig gestellte Fragen zu Exerzitien in der Villa Maria\n<\/h3><div class=\"bde-accordion-337-131 bde-accordion bde-accordion--bordered-bottom\"><div class=\"bde-accordion__content-wrapper-337-132 bde-accordion__content-wrapper\">\n<h3 class=\"bde-accordion__title-tag\">\n  <button type=\"button\" class=\"bde-accordion__button\" id=\"accordion-button-132\" aria-controls=\"accordion-panel-132\" aria-expanded=\"false\">\n     <span class=\"bde-accordion__title\" >Welche Arten von Retreats k\u00f6nnen in der Villa Maria organisiert werden?<\/span>\n     <span class=\"bde-accordion__icon bde-accordion__icon--default\"><\/span>\n     <span class=\"bde-accordion__icon bde-accordion__icon--active\"><\/span>\n  <\/button>\n<\/h3>\n\n<div role=\"region\" class=\"bde-accordion__panel\" id=\"accordion-panel-132\" aria-labelledby=\"accordion-button-132\">\n    <div class=\"bde-accordion__panel-content\">\n        <div class=\"bde-text-337-133 bde-text\">\nDas Hotel eignet sich f\u00fcr Firmen-, Kultur- und Wellness-Retreats, private Gruppen und andere Arten von ma\u00dfgeschneiderten Veranstaltungen.\n<\/div>\n    <\/div>\n<\/div>\n\n\n\n<\/div><div class=\"bde-accordion__content-wrapper-337-134 bde-accordion__content-wrapper\">\n<h3 class=\"bde-accordion__title-tag\">\n  <button type=\"button\" class=\"bde-accordion__button\" id=\"accordion-button-134\" aria-controls=\"accordion-panel-134\" aria-expanded=\"false\">\n     <span class=\"bde-accordion__title\" >Was ist die empfohlene Mindestdauer?<\/span>\n     <span class=\"bde-accordion__icon bde-accordion__icon--default\"><\/span>\n     <span class=\"bde-accordion__icon bde-accordion__icon--active\"><\/span>\n  <\/button>\n<\/h3>\n\n<div role=\"region\" class=\"bde-accordion__panel\" id=\"accordion-panel-134\" aria-labelledby=\"accordion-button-134\">\n    <div class=\"bde-accordion__panel-content\">\n        <div class=\"bde-text-337-135 bde-text\">\nDie Villa Maria bietet sowohl kurze als auch l\u00e4ngere Aufenthalte und passt sich den Bed\u00fcrfnissen jeder Gruppe an.\n<\/div>\n    <\/div>\n<\/div>\n\n\n\n<\/div><div class=\"bde-accordion__content-wrapper-337-136 bde-accordion__content-wrapper\">\n<h3 class=\"bde-accordion__title-tag\">\n  <button type=\"button\" class=\"bde-accordion__button\" id=\"accordion-button-136\" aria-controls=\"accordion-panel-136\" aria-expanded=\"false\">\n     <span class=\"bde-accordion__title\" >Welche Leistungen sind f\u00fcr die Teilnehmer vorgesehen?<\/span>\n     <span class=\"bde-accordion__icon bde-accordion__icon--default\"><\/span>\n     <span class=\"bde-accordion__icon bde-accordion__icon--active\"><\/span>\n  <\/button>\n<\/h3>\n\n<div role=\"region\" class=\"bde-accordion__panel\" id=\"accordion-panel-136\" aria-labelledby=\"accordion-button-136\">\n    <div class=\"bde-accordion__panel-content\">\n        <div class=\"bde-text-337-137 bde-text\">\nDas Hotel bietet elegante Zimmer, hochwertige Verpflegung und Gemeinschaftsr\u00e4ume f\u00fcr Tagungen und zum Entspannen.\n<\/div>\n    <\/div>\n<\/div>\n\n\n\n<\/div><div class=\"bde-accordion__content-wrapper-337-138 bde-accordion__content-wrapper\">\n<h3 class=\"bde-accordion__title-tag\">\n  <button type=\"button\" class=\"bde-accordion__button\" id=\"accordion-button-138\" aria-controls=\"accordion-panel-138\" aria-expanded=\"false\">\n     <span class=\"bde-accordion__title\" >Wie kann man ein Angebot anfordern?<\/span>\n     <span class=\"bde-accordion__icon bde-accordion__icon--default\"><\/span>\n     <span class=\"bde-accordion__icon bde-accordion__icon--active\"><\/span>\n  <\/button>\n<\/h3>\n\n<div role=\"region\" class=\"bde-accordion__panel\" id=\"accordion-panel-138\" aria-labelledby=\"accordion-button-138\">\n    <div class=\"bde-accordion__panel-content\">\n        <div class=\"bde-text-337-139 bde-text\">\nSetzen Sie sich einfach mit der Einrichtung in Verbindung und geben Sie die Einzelheiten Ihrer Gruppe und Ihrer Bed\u00fcrfnisse an, um ein individuelles Angebot zu erhalten.\n<\/div>\n    <\/div>\n<\/div>\n\n\n\n<\/div>\r\n\r\n<\/div><\/div>\n<\/section>","protected":false},"excerpt":{"rendered":"<p>Un retreat a 4 stelle Villa Maria, raffinato hotel 4 stelle a Desenzano del Garda, \u00e8 la cornice ideale per ospitare retreat di pi\u00f9 giorni all\u2019insegna del benessere, della scoperta e della condivisione. avventura e relax Un ambiente su misura per ogni esigenza Che tu stia pianificando un retreat aziendale, un ritiro di gruppo o [&hellip;]<\/p>","protected":false},"author":3,"featured_media":0,"parent":0,"menu_order":0,"comment_status":"closed","ping_status":"closed","template":"","meta":{"_breakdance_hide_in_design_set":false,"_breakdance_tags":"","footnotes":""},"class_list":["post-337","page","type-page","status-publish","hentry"],"_links":{"self":[{"href":"https:\/\/villamariadesenzano.it\/de\/wp-json\/wp\/v2\/pages\/337","targetHints":{"allow":["GET"]}}],"collection":[{"href":"https:\/\/villamariadesenzano.it\/de\/wp-json\/wp\/v2\/pages"}],"about":[{"href":"https:\/\/villamariadesenzano.it\/de\/wp-json\/wp\/v2\/types\/page"}],"author":[{"embeddable":true,"href":"https:\/\/villamariadesenzano.it\/de\/wp-json\/wp\/v2\/users\/3"}],"replies":[{"embeddable":true,"href":"https:\/\/villamariadesenzano.it\/de\/wp-json\/wp\/v2\/comments?post=337"}],"version-history":[{"count":18,"href":"https:\/\/villamariadesenzano.it\/de\/wp-json\/wp\/v2\/pages\/337\/revisions"}],"predecessor-version":[{"id":504,"href":"https:\/\/villamariadesenzano.it\/de\/wp-json\/wp\/v2\/pages\/337\/revisions\/504"}],"wp:attachment":[{"href":"https:\/\/villamariadesenzano.it\/de\/wp-json\/wp\/v2\/media?parent=337"}],"curies":[{"name":"wp","href":"https:\/\/api.w.org\/{rel}","templated":true}]}}