{"id":24,"date":"2025-04-30T11:06:48","date_gmt":"2025-04-30T09:06:48","guid":{"rendered":"https:\/\/villamariadesenzano.it\/index.php\/our-story\/"},"modified":"2025-08-06T12:49:02","modified_gmt":"2025-08-06T10:49:02","slug":"sostenibilita","status":"publish","type":"page","link":"https:\/\/villamariadesenzano.it\/de\/sostenibilita\/","title":{"rendered":"Nachhaltigkeit"},"content":{"rendered":"<section class=\"bde-section-24-152 bde-section\">\n              \n  \n  \n\t\n\n  <div class=\"section-background-overlay\"><\/div>\n\n\n<div class=\"section-container\"><div class=\"bde-star-rating-24-153 bde-star-rating\">\n\n\n<div class='bde-star-rating__label' >\n  <\/div>\n\n  <div class='bde-star-rating__wrapper'>\n    <svg xmlns=\"http:\/\/www.w3.org\/2000\/svg\" ifill=\"currentColor\" d=\"icon-star-full\" viewbox=\"0 0 32 32\"><path d=\"M32 12.408l-11.056-1.607-4.944-10.018-4.944 10.018-11.056 1.607 8 7.798-1.889 11.011 9.889-5.199 9.889 5.199-1.889-11.011 8-7.798z\"><\/path><\/svg>\n    <svg xmlns=\"http:\/\/www.w3.org\/2000\/svg\" ifill=\"currentColor\" d=\"icon-star-full\" viewbox=\"0 0 32 32\"><path d=\"M32 12.408l-11.056-1.607-4.944-10.018-4.944 10.018-11.056 1.607 8 7.798-1.889 11.011 9.889-5.199 9.889 5.199-1.889-11.011 8-7.798z\"><\/path><\/svg>\n    <svg xmlns=\"http:\/\/www.w3.org\/2000\/svg\" ifill=\"currentColor\" d=\"icon-star-full\" viewbox=\"0 0 32 32\"><path d=\"M32 12.408l-11.056-1.607-4.944-10.018-4.944 10.018-11.056 1.607 8 7.798-1.889 11.011 9.889-5.199 9.889 5.199-1.889-11.011 8-7.798z\"><\/path><\/svg>\n    <svg xmlns=\"http:\/\/www.w3.org\/2000\/svg\" ifill=\"currentColor\" d=\"icon-star-full\" viewbox=\"0 0 32 32\"><path d=\"M32 12.408l-11.056-1.607-4.944-10.018-4.944 10.018-11.056 1.607 8 7.798-1.889 11.011 9.889-5.199 9.889 5.199-1.889-11.011 8-7.798z\"><\/path><\/svg>\n  <\/div>\n\n\n\n<svg width=\"0\" height=\"0\">\n<lineargradient id=\"starhalf153\" x1=\"0\" x2=\"100%\" y1=\"0\" y2=\"0\">\n        <stop offset=\"0%\" stop-color=\"var(--bde-palette-color-1-03f38d14-87d7-4628-b773-ecdcd21f79b8)\"><\/stop>\n \t\t<stop offset=\"0%\" stop-color=\"lightgrey\"><\/stop>\n<\/lineargradient>\n<\/svg>\n\n<\/div><h1 class=\"bde-heading-24-154 bde-heading\">\nNachhaltigkeit\n<\/h1><div class=\"bde-text-24-155 bde-text\">\nWir glauben an echte \u00f6kologische Nachhaltigkeit. Reisen und Gastfreundschaft haben Auswirkungen auf die Umwelt, und wir wollen unseren Teil dazu beitragen\n<\/div><\/div>\n<\/section><section class=\"bde-section-24-156 bde-section\">\n  \n  \n\t\n\n\n\n<div class=\"section-container\"><div class=\"bde-columns-24-157 bde-columns\"><div class=\"bde-column-24-158 bde-column\">\n  \n  \n\t\n\n\n\n<div class=\"bde-text-24-159 bde-text\">\nUNSERE MISSION<br>\n<\/div><h2 class=\"bde-heading-24-160 bde-heading\">\nT\u00e4gliche Ma\u00dfnahmen zur Verringerung der Umweltbelastung.\n<\/h2><div class=\"bde-text-24-161 bde-text\">\nWir freuen uns, Ihnen mitteilen zu k\u00f6nnen, dass Sie durch Ihre Buchung in unseren Einrichtungen Ihren Teil dazu beitragen k\u00f6nnen, die Auswirkungen des Reisens auf die Umwelt zu verringern, da wir der festen \u00dcberzeugung sind, dass unsere Heimat (der Planet Erde) erhalten werden muss.<br><br>Machen Sie sich eine freundlichere Art des Reisens zu eigen, die den Planeten, den Sie erkunden, respektiert. Schlie\u00dflich sind Sie im Urlaub, aber Sie befinden sich immer noch auf der Erde, unserem Zuhause. Lassen Sie uns daf\u00fcr sorgen, dass sie f\u00fcr k\u00fcnftige Generationen gesund bleibt.\n<\/div>\n<\/div><div class=\"bde-column-24-169 bde-column\" data-entrance=\"slideUp\">\n  \n  \n\t\n\n\n\n\n<\/div><\/div><\/div>\n<\/section><section class=\"bde-section-24-170 bde-section\">\n  \n  \n\t\n\n\n\n<div class=\"section-container\"><div class=\"bde-columns-24-171 bde-columns\"><div class=\"bde-column-24-172 bde-column\" data-entrance=\"slideUp\">\n  \n  \n\t\n\n\n\n\n<\/div><div class=\"bde-column-24-173 bde-column\">\n  \n  \n\t\n\n\n\n<h2 class=\"bde-heading-24-174 bde-heading\">\n\n<\/h2><img decoding=\"async\" class=\"bde-image2-24-175 bde-image2\" src=\"https:\/\/villamariadesenzano.it\/wp-content\/uploads\/2025\/07\/truly-italy.webp\" loading=\"lazy\" srcset=\"https:\/\/villamariadesenzano.it\/wp-content\/uploads\/2025\/07\/truly-italy.webp 600w, https:\/\/villamariadesenzano.it\/wp-content\/uploads\/2025\/07\/truly-italy-300x60.webp 300w\" sizes=\"(max-width: 600px) 100vw, 600px\"><div class=\"bde-text-24-176 bde-text\">\nBei Truly Italy haben wir uns verpflichtet:\n<\/div><div class=\"bde-icon-list-24-177 bde-icon-list\">\n<ul>\n  \n              \n    <li>\n              <div class='bde-icon-list__item-wrapper'>\n      \n      <span class='bde-icon-list__icon'>\n        <svg xmlns=\"http:\/\/www.w3.org\/2000\/svg\" viewbox=\"0 0 448 512\"><!--! Font Awesome Free 6.5.1 by @fontawesome - https:\/\/fontawesome.com License - https:\/\/fontawesome.com\/license\/free (Icons: CC BY 4.0, Fonts: SIL OFL 1.1, Code: MIT License) Copyright 2023 Fonticons, Inc. --><path d=\"M438.6 105.4c12.5 12.5 12.5 32.8 0 45.3l-256 256c-12.5 12.5-32.8 12.5-45.3 0l-128-128c-12.5-12.5-12.5-32.8 0-45.3s32.8-12.5 45.3 0L160 338.7 393.4 105.4c12.5-12.5 32.8-12.5 45.3 0z\"\/><\/svg>\n      <\/span>\n      <span class='bde-icon-list__text' >\n      Vermeiden Sie die Verwendung von Papier, wenn es nicht notwendig ist.\n      <\/span>\n              <\/div>\n      \n    <\/li>\n\n  \n              \n    <li>\n              <div class='bde-icon-list__item-wrapper'>\n      \n      <span class='bde-icon-list__icon'>\n        <svg xmlns=\"http:\/\/www.w3.org\/2000\/svg\" viewbox=\"0 0 448 512\"><!--! Font Awesome Free 6.5.1 by @fontawesome - https:\/\/fontawesome.com License - https:\/\/fontawesome.com\/license\/free (Icons: CC BY 4.0, Fonts: SIL OFL 1.1, Code: MIT License) Copyright 2023 Fonticons, Inc. --><path d=\"M438.6 105.4c12.5 12.5 12.5 32.8 0 45.3l-256 256c-12.5 12.5-32.8 12.5-45.3 0l-128-128c-12.5-12.5-12.5-32.8 0-45.3s32.8-12.5 45.3 0L160 338.7 393.4 105.4c12.5-12.5 32.8-12.5 45.3 0z\"\/><\/svg>\n      <\/span>\n      <span class='bde-icon-list__text' >\n      Schlagen Sie den Weg der Energieautarkie ein (wenn m\u00f6glich mit Sonnenkollektoren).\n      <\/span>\n              <\/div>\n      \n    <\/li>\n\n  \n              \n    <li>\n              <div class='bde-icon-list__item-wrapper'>\n      \n      <span class='bde-icon-list__icon'>\n        <svg xmlns=\"http:\/\/www.w3.org\/2000\/svg\" viewbox=\"0 0 448 512\"><!--! Font Awesome Free 6.5.1 by @fontawesome - https:\/\/fontawesome.com License - https:\/\/fontawesome.com\/license\/free (Icons: CC BY 4.0, Fonts: SIL OFL 1.1, Code: MIT License) Copyright 2023 Fonticons, Inc. --><path d=\"M438.6 105.4c12.5 12.5 12.5 32.8 0 45.3l-256 256c-12.5 12.5-32.8 12.5-45.3 0l-128-128c-12.5-12.5-12.5-32.8 0-45.3s32.8-12.5 45.3 0L160 338.7 393.4 105.4c12.5-12.5 32.8-12.5 45.3 0z\"\/><\/svg>\n      <\/span>\n      <span class='bde-icon-list__text' >\n      Verzichten Sie auf den t\u00e4glichen Handtuchwechsel und die \u00fcberm\u00e4\u00dfige Reinigung der Zimmer, um den t\u00e4glichen Wasserverbrauch zu senken: Bis 2030 k\u00f6nnten die 40% der Welt unter Wasserstress leiden, wenn wir nicht anfangen, mehr Verantwortung zu \u00fcbernehmen.\n      <\/span>\n              <\/div>\n      \n    <\/li>\n\n  \n              \n    <li>\n              <div class='bde-icon-list__item-wrapper'>\n      \n      <span class='bde-icon-list__icon'>\n        <svg xmlns=\"http:\/\/www.w3.org\/2000\/svg\" viewbox=\"0 0 448 512\"><!--! Font Awesome Free 6.5.1 by @fontawesome - https:\/\/fontawesome.com License - https:\/\/fontawesome.com\/license\/free (Icons: CC BY 4.0, Fonts: SIL OFL 1.1, Code: MIT License) Copyright 2023 Fonticons, Inc. --><path d=\"M438.6 105.4c12.5 12.5 12.5 32.8 0 45.3l-256 256c-12.5 12.5-32.8 12.5-45.3 0l-128-128c-12.5-12.5-12.5-32.8 0-45.3s32.8-12.5 45.3 0L160 338.7 393.4 105.4c12.5-12.5 32.8-12.5 45.3 0z\"\/><\/svg>\n      <\/span>\n      <span class='bde-icon-list__text' >\n      Plastikfrei sein\n      <\/span>\n              <\/div>\n      \n    <\/li>\n\n  \n              \n    <li>\n              <div class='bde-icon-list__item-wrapper'>\n      \n      <span class='bde-icon-list__icon'>\n        <svg xmlns=\"http:\/\/www.w3.org\/2000\/svg\" viewbox=\"0 0 448 512\"><!--! Font Awesome Free 6.5.1 by @fontawesome - https:\/\/fontawesome.com License - https:\/\/fontawesome.com\/license\/free (Icons: CC BY 4.0, Fonts: SIL OFL 1.1, Code: MIT License) Copyright 2023 Fonticons, Inc. --><path d=\"M438.6 105.4c12.5 12.5 12.5 32.8 0 45.3l-256 256c-12.5 12.5-32.8 12.5-45.3 0l-128-128c-12.5-12.5-12.5-32.8 0-45.3s32.8-12.5 45.3 0L160 338.7 393.4 105.4c12.5-12.5 32.8-12.5 45.3 0z\"\/><\/svg>\n      <\/span>\n      <span class='bde-icon-list__text' >\n      Wir legen Wert auf Abfallvermeidung, deshalb ist unser Serviceangebot so minimalistisch wie m\u00f6glich gestaltet: um Abfall zu vermeiden (wenn Sie etwas anderes brauchen als das, was in Ihrem Zimmer vorhanden ist, fragen Sie an unserer Rezeption!) Kleine Ver\u00e4nderungen k\u00f6nnen eine gro\u00dfe Wirkung auf unseren Planeten haben.\n      <\/span>\n              <\/div>\n      \n    <\/li>\n\n  \n              \n    <li>\n              <div class='bde-icon-list__item-wrapper'>\n      \n      <span class='bde-icon-list__icon'>\n        <svg xmlns=\"http:\/\/www.w3.org\/2000\/svg\" viewbox=\"0 0 448 512\"><!--! Font Awesome Free 6.5.1 by @fontawesome - https:\/\/fontawesome.com License - https:\/\/fontawesome.com\/license\/free (Icons: CC BY 4.0, Fonts: SIL OFL 1.1, Code: MIT License) Copyright 2023 Fonticons, Inc. --><path d=\"M438.6 105.4c12.5 12.5 12.5 32.8 0 45.3l-256 256c-12.5 12.5-32.8 12.5-45.3 0l-128-128c-12.5-12.5-12.5-32.8 0-45.3s32.8-12.5 45.3 0L160 338.7 393.4 105.4c12.5-12.5 32.8-12.5 45.3 0z\"\/><\/svg>\n      <\/span>\n      <span class='bde-icon-list__text' >\n      Wir arbeiten daran, unseren CO2-Fu\u00dfabdruck zu verringern, indem wir in Zusammenarbeit mit Up2You international zertifizierte Aufforstungsprojekte unterst\u00fctzen.\n      <\/span>\n              <\/div>\n      \n    <\/li>\n\n  <\/ul>\n\n<\/div>\n<\/div><\/div><\/div>\n<\/section>","protected":false},"excerpt":{"rendered":"<p>Sostenibilit\u00e0 Crediamo nella vera ecosostenibilit\u00e0. I viaggi e l&#8217;ospitalit\u00e0 hanno un impatto sull&#8217;ambiente e noi vogliamo fare la nostra parte LA NOSTRA MISSIONE Azioni quotidiane per ridurre l&#8217;impatto ambientale. Siamo felicissimi di condividere con te che, prenotando presso le nostre strutture, potrai fare la tua parte per ridurre l&#8217;impatto dei viaggi sull&#8217;ambiente, poich\u00e9 crediamo fortemente [&hellip;]<\/p>","protected":false},"author":1,"featured_media":0,"parent":0,"menu_order":0,"comment_status":"closed","ping_status":"closed","template":"","meta":{"_breakdance_hide_in_design_set":false,"_breakdance_tags":"","footnotes":""},"class_list":["post-24","page","type-page","status-publish","hentry"],"_links":{"self":[{"href":"https:\/\/villamariadesenzano.it\/de\/wp-json\/wp\/v2\/pages\/24","targetHints":{"allow":["GET"]}}],"collection":[{"href":"https:\/\/villamariadesenzano.it\/de\/wp-json\/wp\/v2\/pages"}],"about":[{"href":"https:\/\/villamariadesenzano.it\/de\/wp-json\/wp\/v2\/types\/page"}],"author":[{"embeddable":true,"href":"https:\/\/villamariadesenzano.it\/de\/wp-json\/wp\/v2\/users\/1"}],"replies":[{"embeddable":true,"href":"https:\/\/villamariadesenzano.it\/de\/wp-json\/wp\/v2\/comments?post=24"}],"version-history":[{"count":14,"href":"https:\/\/villamariadesenzano.it\/de\/wp-json\/wp\/v2\/pages\/24\/revisions"}],"predecessor-version":[{"id":434,"href":"https:\/\/villamariadesenzano.it\/de\/wp-json\/wp\/v2\/pages\/24\/revisions\/434"}],"wp:attachment":[{"href":"https:\/\/villamariadesenzano.it\/de\/wp-json\/wp\/v2\/media?parent=24"}],"curies":[{"name":"wp","href":"https:\/\/api.w.org\/{rel}","templated":true}]}}